{"id":210,"date":"2020-10-19T16:51:49","date_gmt":"2020-10-19T19:51:49","guid":{"rendered":"https:\/\/escoladefilosofia.com.br\/wpefe\/?page_id=210"},"modified":"2024-11-02T14:15:10","modified_gmt":"2024-11-02T17:15:10","slug":"registro-da-campanha-2019","status":"publish","type":"page","link":"https:\/\/escoladefilosofia.com.br\/wpefe\/nataldeusexiste\/registro-da-campanha-2019\/","title":{"rendered":"\u00daltima Campanha &#8211; 2019"},"content":{"rendered":"\n\n\n<p style=\"text-align: justify;\">NATAL DEUS EXISTE, atua na comunidade de Jaboat\u00e3o a mais de 25 anos. No ano de 2020 sofremos uma perda irrepar\u00e1vel que deixar\u00e1 sua marca na vida de milhares de pessoas de dentro e fora da comunidade. Ramilton Francisco Correia, fundador presidente da Escola de Filosofia Espiritualista, que sempre ficou a frente desta e de todas as campanha da EFE, veio a falecer por problemas cardiovasculares em 07\/maio\/2020. Juntou-se a isto um ano completamente at\u00edpico, complicado, penoso. Enfrentamos nosso maior desafio, superar um cen\u00e1rio global de pandemia sem a presen\u00e7a f\u00edsica dele junto a n\u00f3s.&nbsp;<\/p><p>Fazendo jus a seu legado nos unimos como uma fam\u00edlia, para nos erguer, juntos e em fraterna comunh\u00e3o.&nbsp; Partilhamos as dores e conquistas para somar for\u00e7as e fazer a ideia de nosso Mentor Esfera (RFC) perdura e prosperar. Colocamos a frente todos os princ\u00edpios e sonhos plantados em nossos cora\u00e7\u00f5es ao longo deste anos de hist\u00f3ria na comunidade e em Jaboat\u00e3o.<\/p>\n<figure class=\"wp-block-gallery columns-0 is-cropped\"><ul class=\"blocks-gallery-grid\"><\/ul><\/figure>\n\n\n\n\n<h4>REGISTRO DO TRABALHO DE ENTREGA, MAIS EMBAIXO MENSAGEM DO MENTOR E REPORTAGENS FILMADAS EM 2018<\/h4>\n\n\n\n\n\n\n\n\n\n<h2>Mensagem do Mentor Ramilton Antes da Entrega &#8211; 2019<\/h2>\n\n\n\n\n\n\n\n\n\n<h2>Reportagem Veiculada na Campanha 2018<\/h2>\n\n\n\n\n\n\n\n\n\n\n\n\n","protected":false},"excerpt":{"rendered":"","protected":false},"author":1,"featured_media":0,"parent":1078,"menu_order":0,"comment_status":"closed","ping_status":"closed","template":"","meta":{"pagelayer_contact_templates":[],"_pagelayer_content":""},"_links":{"self":[{"href":"https:\/\/escoladefilosofia.com.br\/wpefe\/wp-json\/wp\/v2\/pages\/210"}],"collection":[{"href":"https:\/\/escoladefilosofia.com.br\/wpefe\/wp-json\/wp\/v2\/pages"}],"about":[{"href":"https:\/\/escoladefilosofia.com.br\/wpefe\/wp-json\/wp\/v2\/types\/page"}],"author":[{"embeddable":true,"href":"https:\/\/escoladefilosofia.com.br\/wpefe\/wp-json\/wp\/v2\/users\/1"}],"replies":[{"embeddable":true,"href":"https:\/\/escoladefilosofia.com.br\/wpefe\/wp-json\/wp\/v2\/comments?post=210"}],"version-history":[{"count":28,"href":"https:\/\/escoladefilosofia.com.br\/wpefe\/wp-json\/wp\/v2\/pages\/210\/revisions"}],"predecessor-version":[{"id":1243,"href":"https:\/\/escoladefilosofia.com.br\/wpefe\/wp-json\/wp\/v2\/pages\/210\/revisions\/1243"}],"up":[{"embeddable":true,"href":"https:\/\/escoladefilosofia.com.br\/wpefe\/wp-json\/wp\/v2\/pages\/1078"}],"wp:attachment":[{"href":"https:\/\/escoladefilosofia.com.br\/wpefe\/wp-json\/wp\/v2\/media?parent=210"}],"curies":[{"name":"wp","href":"https:\/\/api.w.org\/{rel}","templated":true}]}}