{"id":815,"date":"2020-12-25T16:56:18","date_gmt":"2020-12-25T19:56:18","guid":{"rendered":"https:\/\/escoladefilosofia.com.br\/wpefe\/?page_id=815"},"modified":"2024-11-02T14:14:11","modified_gmt":"2024-11-02T17:14:11","slug":"campanha-2020","status":"publish","type":"page","link":"https:\/\/escoladefilosofia.com.br\/wpefe\/nataldeusexiste\/campanha-2020\/","title":{"rendered":"Campanha 2020"},"content":{"rendered":"\n\n\n\n<h2>Campanha Natal Deus Existe &#8211; Ano XV (em 2020)<\/h2>\n\n\n\n\n\n\n\n\n<h2>Campanha 2020 &#8211; Extra<\/h2>\n<p><span style=\"color: rgb(0, 0, 0); font-family: Poppins, sans-serif; font-size: 16px; font-style: normal; font-variant-ligatures: normal; font-variant-caps: normal; font-weight: 400;\">Al\u00e9m dos moradores de algumas comunidades em Jaboat\u00e3o Velho (1200 cestas doadas), Jaboat\u00e3o dos Guararapes-PE, a Campanha Natal Deus Existe de 2020 conseguiu ajudar a Creche Lar da Esperan\u00e7a Durval C\u00e2mara Madureira e o Abrigo Cristo Redentor (100 cestas b\u00e1sicas ao todo).<\/span><br><\/p>\n\n\n\n","protected":false},"excerpt":{"rendered":"","protected":false},"author":1,"featured_media":0,"parent":1078,"menu_order":0,"comment_status":"closed","ping_status":"closed","template":"","meta":{"pagelayer_contact_templates":[],"_pagelayer_content":""},"_links":{"self":[{"href":"https:\/\/escoladefilosofia.com.br\/wpefe\/wp-json\/wp\/v2\/pages\/815"}],"collection":[{"href":"https:\/\/escoladefilosofia.com.br\/wpefe\/wp-json\/wp\/v2\/pages"}],"about":[{"href":"https:\/\/escoladefilosofia.com.br\/wpefe\/wp-json\/wp\/v2\/types\/page"}],"author":[{"embeddable":true,"href":"https:\/\/escoladefilosofia.com.br\/wpefe\/wp-json\/wp\/v2\/users\/1"}],"replies":[{"embeddable":true,"href":"https:\/\/escoladefilosofia.com.br\/wpefe\/wp-json\/wp\/v2\/comments?post=815"}],"version-history":[{"count":8,"href":"https:\/\/escoladefilosofia.com.br\/wpefe\/wp-json\/wp\/v2\/pages\/815\/revisions"}],"predecessor-version":[{"id":1253,"href":"https:\/\/escoladefilosofia.com.br\/wpefe\/wp-json\/wp\/v2\/pages\/815\/revisions\/1253"}],"up":[{"embeddable":true,"href":"https:\/\/escoladefilosofia.com.br\/wpefe\/wp-json\/wp\/v2\/pages\/1078"}],"wp:attachment":[{"href":"https:\/\/escoladefilosofia.com.br\/wpefe\/wp-json\/wp\/v2\/media?parent=815"}],"curies":[{"name":"wp","href":"https:\/\/api.w.org\/{rel}","templated":true}]}}